{"id":394,"date":"2018-12-02T15:19:53","date_gmt":"2018-12-02T13:19:53","guid":{"rendered":"http:\/\/missionsbruecke.de\/?page_id=394"},"modified":"2018-12-02T15:19:53","modified_gmt":"2018-12-02T13:19:53","slug":"projekt-strassennetz","status":"publish","type":"page","link":"https:\/\/missionsbruecke.de\/?page_id=394","title":{"rendered":"Projekt: Stra\u00dfennetz"},"content":{"rendered":"<p style=\"text-align: justify;\">\n<p style=\"text-align: justify;\">Ein gutes Stra\u00dfennetz ist wichtig f\u00fcr den freien Handel der Kleinbauern, damit sie sich durch den Verkauf der von ihnen erzeugten Waren ihr Einkommen selber sichern k\u00f6nnen. Rund um Ndendule kann P. Ferdinand mit Spenden kleine Reparaturen am Stra\u00dfennetz durch von ihm bezahlte Stra\u00dfenarbeiter erm\u00f6glichen. Das zu betreuende Wegenetz der Missionsstation umfasst aber insgesamt ca. 200 km. P. Ferdinand besucht mit Br\u00fcdern der Missionsstation die Bev\u00f6lkerung in den entlegenen D\u00f6rfern, z. B. Mamili, Efu oder Wala. Er h\u00e4lt dort regelm\u00e4\u00dfig in den 70 Kirchen und Buschkapellen Gottesdienste und hilft den Menschen in Not vor Ort. Mit seinem Auto muss er f\u00fcr eine Strecke von 60 km eine Tagesreise einplanen. Die gro\u00dfe Ost-West-Verbindung \u201eRoute Royal\u201c ist insbesondere nach der Regenzeit kaum befahrbar \u2013 die L\u00f6cher sind oft bis zu zwei Meter tief. Durch regelm\u00e4\u00dfige Stra\u00dfenreparaturen k\u00f6nnen solch starke Besch\u00e4digungen verhindert werden.<\/p>\n<p style=\"text-align: justify;\">Mit Hilfe von Spendengeldern kann P. Ferdinand noch mehr Stra\u00dfenarbeiter besch\u00e4ftigen, die die Stra\u00dfen kontinuierlich in Ordnung halten\/bringen. Dies bringt neben besseren Stra\u00dfenverh\u00e4ltnissen gleichzeitig auch Arbeitspl\u00e4tze, die in dem Gebiet von P. Ferdinand sehr rar bis nicht vorhanden sind.<\/p>\n<p>&nbsp;<\/p>\n<div class=\"rl-gallery-container rl-loading\" id=\"rl-gallery-container-1\" data-gallery_id=\"385\"> <div class=\"rl-gallery rl-basicgrid-gallery \" id=\"rl-gallery-1\" data-gallery_no=\"1\"> <div class=\"rl-gallery-item\"><a href=\"https:\/\/missionsbruecke.de\/wp-content\/uploads\/2018\/12\/Feldweg.png\" title=\"Feldweg zwischen den D\u00f6rfern (1)\" data-rl_title=\"Feldweg zwischen den D\u00f6rfern (1)\" class=\"rl-gallery-link\" data-rl_caption=\"\" data-rel=\"lightbox-gallery-1\"><img loading=\"lazy\" decoding=\"async\" src=\"https:\/\/missionsbruecke.de\/wp-content\/uploads\/2018\/12\/Feldweg-300x168.png\" width=\"300\" height=\"168\" alt=\"Feldweg zwischen den D\u00f6rfern (1)\"\/><\/a><\/div><div class=\"rl-gallery-item\"><a href=\"https:\/\/missionsbruecke.de\/wp-content\/uploads\/2018\/12\/Feldweg_2.png\" title=\"Feldweg zwischen den D\u00f6rfern (2)\" data-rl_title=\"Feldweg zwischen den D\u00f6rfern (2)\" class=\"rl-gallery-link\" data-rl_caption=\"\" data-rel=\"lightbox-gallery-1\"><img loading=\"lazy\" decoding=\"async\" src=\"https:\/\/missionsbruecke.de\/wp-content\/uploads\/2018\/12\/Feldweg_2-300x225.png\" width=\"300\" height=\"225\" alt=\"Feldweg zwischen den D\u00f6rfern (2)\"\/><\/a><\/div><div class=\"rl-gallery-item\"><a href=\"https:\/\/missionsbruecke.de\/wp-content\/uploads\/2018\/12\/Strassenschaeden_1.png\" title=\"Stra\u00dfensch\u00e4den (1)\" data-rl_title=\"Stra\u00dfensch\u00e4den (1)\" class=\"rl-gallery-link\" data-rl_caption=\"\" data-rel=\"lightbox-gallery-1\"><img loading=\"lazy\" decoding=\"async\" src=\"https:\/\/missionsbruecke.de\/wp-content\/uploads\/2018\/12\/Strassenschaeden_1-300x200.png\" width=\"300\" height=\"200\" alt=\"Stra\u00dfensch\u00e4den (1)\"\/><\/a><\/div><div class=\"rl-gallery-item\"><a href=\"https:\/\/missionsbruecke.de\/wp-content\/uploads\/2018\/12\/Strassenschaeden_2.png\" title=\"Stra\u00dfensch\u00e4den (2)\" data-rl_title=\"Stra\u00dfensch\u00e4den (2)\" class=\"rl-gallery-link\" data-rl_caption=\"\" data-rel=\"lightbox-gallery-1\"><img loading=\"lazy\" decoding=\"async\" src=\"https:\/\/missionsbruecke.de\/wp-content\/uploads\/2018\/12\/Strassenschaeden_2-300x200.png\" width=\"300\" height=\"200\" alt=\"Stra\u00dfensch\u00e4den (2)\"\/><\/a><\/div><div class=\"rl-gallery-item\"><a href=\"https:\/\/missionsbruecke.de\/wp-content\/uploads\/2018\/12\/Strassenschaeden_3.png\" title=\"Stra\u00dfensch\u00e4den (3)\" data-rl_title=\"Stra\u00dfensch\u00e4den (3)\" class=\"rl-gallery-link\" data-rl_caption=\"\" data-rel=\"lightbox-gallery-1\"><img loading=\"lazy\" decoding=\"async\" src=\"https:\/\/missionsbruecke.de\/wp-content\/uploads\/2018\/12\/Strassenschaeden_3-300x225.png\" width=\"300\" height=\"225\" alt=\"Stra\u00dfensch\u00e4den (3)\"\/><\/a><\/div><div class=\"rl-gallery-item\"><a href=\"https:\/\/missionsbruecke.de\/wp-content\/uploads\/2018\/12\/Strassenschaeden_4.png\" title=\"Stra\u00dfensch\u00e4den (4)\" data-rl_title=\"Stra\u00dfensch\u00e4den (4)\" class=\"rl-gallery-link\" data-rl_caption=\"\" data-rel=\"lightbox-gallery-1\"><img loading=\"lazy\" decoding=\"async\" src=\"https:\/\/missionsbruecke.de\/wp-content\/uploads\/2018\/12\/Strassenschaeden_4-300x200.png\" width=\"300\" height=\"200\" alt=\"Stra\u00dfensch\u00e4den (4)\"\/><\/a><\/div><div class=\"rl-gallery-item\"><a href=\"https:\/\/missionsbruecke.de\/wp-content\/uploads\/2018\/12\/ueberschwemmte_Strasse_1.png\" title=\"\u00dcberschwemmte Stra\u00dfe (1)\" data-rl_title=\"\u00dcberschwemmte Stra\u00dfe (1)\" class=\"rl-gallery-link\" data-rl_caption=\"\" data-rel=\"lightbox-gallery-1\"><img loading=\"lazy\" decoding=\"async\" src=\"https:\/\/missionsbruecke.de\/wp-content\/uploads\/2018\/12\/ueberschwemmte_Strasse_1-300x225.png\" width=\"300\" height=\"225\" alt=\"\u00dcberschwemmte Stra\u00dfe (1)\"\/><\/a><\/div><div class=\"rl-gallery-item\"><a href=\"https:\/\/missionsbruecke.de\/wp-content\/uploads\/2018\/12\/ueberschwemmte_Strasse_2.png\" title=\"\u00dcberschwemmte Stra\u00dfe (2)\" data-rl_title=\"\u00dcberschwemmte Stra\u00dfe (2)\" class=\"rl-gallery-link\" data-rl_caption=\"\" data-rel=\"lightbox-gallery-1\"><img loading=\"lazy\" decoding=\"async\" src=\"https:\/\/missionsbruecke.de\/wp-content\/uploads\/2018\/12\/ueberschwemmte_Strasse_2-225x300.png\" width=\"225\" height=\"300\" alt=\"\u00dcberschwemmte Stra\u00dfe (2)\"\/><\/a><\/div> <\/div> <\/div>\n","protected":false},"excerpt":{"rendered":"<p>Ein gutes Stra\u00dfennetz ist wichtig f\u00fcr den freien Handel der Kleinbauern, damit sie sich durch den Verkauf der von ihnen erzeugten Waren ihr Einkommen selber sichern k\u00f6nnen. Rund um Ndendule kann P. Ferdinand mit Spenden kleine Reparaturen am&#8230; <a class=\"read-more\" href=\"https:\/\/missionsbruecke.de\/?page_id=394\">Mehr erfahren<\/a><\/p>\n","protected":false},"author":1,"featured_media":0,"parent":0,"menu_order":0,"comment_status":"closed","ping_status":"closed","template":"","meta":{"footnotes":""},"class_list":["post-394","page","type-page","status-publish","hentry","no-comments"],"_links":{"self":[{"href":"https:\/\/missionsbruecke.de\/index.php?rest_route=\/wp\/v2\/pages\/394","targetHints":{"allow":["GET"]}}],"collection":[{"href":"https:\/\/missionsbruecke.de\/index.php?rest_route=\/wp\/v2\/pages"}],"about":[{"href":"https:\/\/missionsbruecke.de\/index.php?rest_route=\/wp\/v2\/types\/page"}],"author":[{"embeddable":true,"href":"https:\/\/missionsbruecke.de\/index.php?rest_route=\/wp\/v2\/users\/1"}],"replies":[{"embeddable":true,"href":"https:\/\/missionsbruecke.de\/index.php?rest_route=%2Fwp%2Fv2%2Fcomments&post=394"}],"version-history":[{"count":1,"href":"https:\/\/missionsbruecke.de\/index.php?rest_route=\/wp\/v2\/pages\/394\/revisions"}],"predecessor-version":[{"id":395,"href":"https:\/\/missionsbruecke.de\/index.php?rest_route=\/wp\/v2\/pages\/394\/revisions\/395"}],"wp:attachment":[{"href":"https:\/\/missionsbruecke.de\/index.php?rest_route=%2Fwp%2Fv2%2Fmedia&parent=394"}],"curies":[{"name":"wp","href":"https:\/\/api.w.org\/{rel}","templated":true}]}}