{"id":382,"date":"2018-12-02T15:13:57","date_gmt":"2018-12-02T13:13:57","guid":{"rendered":"http:\/\/missionsbruecke.de\/?page_id=382"},"modified":"2018-12-02T15:20:06","modified_gmt":"2018-12-02T13:20:06","slug":"projekt-apotheke","status":"publish","type":"page","link":"https:\/\/missionsbruecke.de\/?page_id=382","title":{"rendered":"Projekt: Apotheke"},"content":{"rendered":"<p>&nbsp;<\/p>\n<p style=\"text-align: justify;\">Malaria ist eine schwere Infektionskrankheit und verl\u00e4uft ohne medizinische Behandlung oft t\u00f6dlich. Es braucht nur einen kleinen Stich der Anopheles-M\u00fccke, um einen Menschen mit der gef\u00e4hrlichen Fiebererkrankung zu infizieren. Vor allem Kinder \u00fcberleben diese Krankheit nicht, wenn sie nicht die notwendigen Medikamente erhalten.<\/p>\n<p style=\"text-align: justify;\">Gerade in den letzten Jahren starben immer mehr Kinder an dieser oder anderen Krankheiten, weil die Eltern das Geld f\u00fcr die notwendigen Medikamente nicht mehr aufbringen konnten.<\/p>\n<p style=\"text-align: justify;\">Viele Jahre wurden Handelswaren wie Speisesalz, Werkzeuge, Stoffe, Schulartikel, Treibstoff etc. und vor allem Medikamente mit einem Lkw (Camion) transportiert und konnten so relativ kosteng\u00fcnstig vom nahe gelegenen Ort Isiro beschafft und dann an die einheimische Bev\u00f6lkerung g\u00fcnstig weiter verkauft werden. Leider ist der hierf\u00fcr verwendete Camion seit langem reparaturbed\u00fcrftig und kann nicht mehr f\u00fcr den Transport eingesetzt werden. So fehlen vor allem preisg\u00fcnstige Medikamente.<\/p>\n<p style=\"text-align: justify;\">Die Verwendung eines Pkw\u2019s ist f\u00fcr den Transport schon alleine aufgrund der extrem schlechten Stra\u00dfenverh\u00e4ltnisse aber auch aufgrund der h\u00f6heren Transportmenge nicht m\u00f6glich. Um den Camion wieder einsatzf\u00e4hig zu machen, sind Reparaturkosten in H\u00f6he von ca. 5000,- erforderlich.<\/p>\n<p style=\"text-align: justify;\">Sobald der Camion wieder fahrt\u00fcchtig ist, plant P. Ferdinand, eine Apotheke in der Krankenstation vor Ort einzurichten, in der die Menschen Medikamente zu erschwinglichen Preisen erhalten.<\/p>\n<p>&nbsp;<\/p>\n<div class=\"rl-gallery-container rl-loading\" id=\"rl-gallery-container-1\" data-gallery_id=\"374\"> <div class=\"rl-gallery rl-basicgrid-gallery \" id=\"rl-gallery-1\" data-gallery_no=\"1\"> <div class=\"rl-gallery-item\"><a href=\"https:\/\/missionsbruecke.de\/wp-content\/uploads\/2018\/12\/Geburt_1.png\" title=\"Geburt in der Krankenstation (1)\" data-rl_title=\"Geburt in der Krankenstation (1)\" class=\"rl-gallery-link\" data-rl_caption=\"\" data-rel=\"lightbox-gallery-1\"><img loading=\"lazy\" decoding=\"async\" src=\"https:\/\/missionsbruecke.de\/wp-content\/uploads\/2018\/12\/Geburt_1-225x300.png\" width=\"225\" height=\"300\" alt=\"Geburt in der Krankenstation (1)\"\/><\/a><\/div><div class=\"rl-gallery-item\"><a href=\"https:\/\/missionsbruecke.de\/wp-content\/uploads\/2018\/12\/Geburt_2.png\" title=\"Geburt in der Krankenstation (2)\" data-rl_title=\"Geburt in der Krankenstation (2)\" class=\"rl-gallery-link\" data-rl_caption=\"\" data-rel=\"lightbox-gallery-1\"><img loading=\"lazy\" decoding=\"async\" src=\"https:\/\/missionsbruecke.de\/wp-content\/uploads\/2018\/12\/Geburt_2-300x225.png\" width=\"300\" height=\"225\" alt=\"Geburt in der Krankenstation (2)\"\/><\/a><\/div><div class=\"rl-gallery-item\"><a href=\"https:\/\/missionsbruecke.de\/wp-content\/uploads\/2018\/12\/Krankenlabor.png\" title=\"Krankenlabor\" data-rl_title=\"Krankenlabor\" class=\"rl-gallery-link\" data-rl_caption=\"\" data-rel=\"lightbox-gallery-1\"><img loading=\"lazy\" decoding=\"async\" src=\"https:\/\/missionsbruecke.de\/wp-content\/uploads\/2018\/12\/Krankenlabor-300x225.png\" width=\"300\" height=\"225\" alt=\"Krankenlabor\"\/><\/a><\/div><div class=\"rl-gallery-item\"><a href=\"https:\/\/missionsbruecke.de\/wp-content\/uploads\/2018\/12\/Krankenpatient.png\" title=\"Junger Patient\" data-rl_title=\"Junger Patient\" class=\"rl-gallery-link\" data-rl_caption=\"\" data-rel=\"lightbox-gallery-1\"><img loading=\"lazy\" decoding=\"async\" src=\"https:\/\/missionsbruecke.de\/wp-content\/uploads\/2018\/12\/Krankenpatient-300x225.png\" width=\"300\" height=\"225\" alt=\"Junger Patient\"\/><\/a><\/div><div class=\"rl-gallery-item\"><a href=\"https:\/\/missionsbruecke.de\/wp-content\/uploads\/2018\/12\/Krankenstation_Ndendule.png\" title=\"Krankenstation in Ndendule (1)\" data-rl_title=\"Krankenstation in Ndendule (1)\" class=\"rl-gallery-link\" data-rl_caption=\"\" data-rel=\"lightbox-gallery-1\"><img loading=\"lazy\" decoding=\"async\" src=\"https:\/\/missionsbruecke.de\/wp-content\/uploads\/2018\/12\/Krankenstation_Ndendule-300x225.png\" width=\"300\" height=\"225\" alt=\"Krankenstation in Ndendule (1)\"\/><\/a><\/div><div class=\"rl-gallery-item\"><a href=\"https:\/\/missionsbruecke.de\/wp-content\/uploads\/2018\/12\/Krankenstation_Ndendule_2.png\" title=\"Krankenstation in Ndendule (2)\" data-rl_title=\"Krankenstation in Ndendule (2)\" class=\"rl-gallery-link\" data-rl_caption=\"\" data-rel=\"lightbox-gallery-1\"><img loading=\"lazy\" decoding=\"async\" src=\"https:\/\/missionsbruecke.de\/wp-content\/uploads\/2018\/12\/Krankenstation_Ndendule_2-300x225.png\" width=\"300\" height=\"225\" alt=\"Krankenstation in Ndendule (2)\"\/><\/a><\/div><div class=\"rl-gallery-item\"><a href=\"https:\/\/missionsbruecke.de\/wp-content\/uploads\/2018\/12\/Medikamente.png\" title=\"Medikamente in Ndendule\" data-rl_title=\"Medikamente in Ndendule\" class=\"rl-gallery-link\" data-rl_caption=\"\" data-rel=\"lightbox-gallery-1\"><img loading=\"lazy\" decoding=\"async\" src=\"https:\/\/missionsbruecke.de\/wp-content\/uploads\/2018\/12\/Medikamente-300x225.png\" width=\"300\" height=\"225\" alt=\"Medikamente in Ndendule\"\/><\/a><\/div> <\/div> <\/div>\n","protected":false},"excerpt":{"rendered":"<p>&nbsp; Malaria ist eine schwere Infektionskrankheit und verl\u00e4uft ohne medizinische Behandlung oft t\u00f6dlich. Es braucht nur einen kleinen Stich der Anopheles-M\u00fccke, um einen Menschen mit der gef\u00e4hrlichen Fiebererkrankung zu infizieren. Vor allem Kinder \u00fcberleben diese Krankheit nicht, wenn&#8230; <a class=\"read-more\" href=\"https:\/\/missionsbruecke.de\/?page_id=382\">Mehr erfahren<\/a><\/p>\n","protected":false},"author":1,"featured_media":0,"parent":0,"menu_order":0,"comment_status":"closed","ping_status":"closed","template":"","meta":{"footnotes":""},"class_list":["post-382","page","type-page","status-publish","hentry","no-comments"],"_links":{"self":[{"href":"https:\/\/missionsbruecke.de\/index.php?rest_route=\/wp\/v2\/pages\/382","targetHints":{"allow":["GET"]}}],"collection":[{"href":"https:\/\/missionsbruecke.de\/index.php?rest_route=\/wp\/v2\/pages"}],"about":[{"href":"https:\/\/missionsbruecke.de\/index.php?rest_route=\/wp\/v2\/types\/page"}],"author":[{"embeddable":true,"href":"https:\/\/missionsbruecke.de\/index.php?rest_route=\/wp\/v2\/users\/1"}],"replies":[{"embeddable":true,"href":"https:\/\/missionsbruecke.de\/index.php?rest_route=%2Fwp%2Fv2%2Fcomments&post=382"}],"version-history":[{"count":2,"href":"https:\/\/missionsbruecke.de\/index.php?rest_route=\/wp\/v2\/pages\/382\/revisions"}],"predecessor-version":[{"id":396,"href":"https:\/\/missionsbruecke.de\/index.php?rest_route=\/wp\/v2\/pages\/382\/revisions\/396"}],"wp:attachment":[{"href":"https:\/\/missionsbruecke.de\/index.php?rest_route=%2Fwp%2Fv2%2Fmedia&parent=382"}],"curies":[{"name":"wp","href":"https:\/\/api.w.org\/{rel}","templated":true}]}}