{"id":359,"date":"2018-12-02T14:21:03","date_gmt":"2018-12-02T12:21:03","guid":{"rendered":"http:\/\/missionsbruecke.de\/?page_id=359"},"modified":"2018-12-02T15:06:40","modified_gmt":"2018-12-02T13:06:40","slug":"projekt-internatsgebaeude","status":"publish","type":"page","link":"https:\/\/missionsbruecke.de\/?page_id=359","title":{"rendered":"Projekt: Internatsgeb\u00e4ude"},"content":{"rendered":"<p style=\"text-align: justify;\">Als im Jahr 2009 eine gr\u00f6\u00dfere Moosbacher Gruppe in den Kongo reiste, konnten sie dabei sein, als P. Ferdinand zusammen mit Pfarrer Josef Most aus Moosbach die weiterf\u00fchrende Schule \u201eEcole Technique Agroveterinaire\u201c einweihte, die durch Spendengeldern vor allem durch die Pfarrei Moosbach finanziert wurde. Zu Beginn wurde an der Schule Ackerbau und Viehzucht gelehrt. Kurze Zeit sp\u00e4ter schon kam mit dem Ausbildungsbereich \u201eKonstruktion\u201c ein weiteres Schulgeb\u00e4ude hinzu. Die Schule genie\u00dft einen sehr guten Ruf und die Studien-pl\u00e4tze sind sehr begehrt. Ein gro\u00dfer Beweis f\u00fcr die hohe Unterrichtsqualit\u00e4t im Schulzentrum ist, dass es die einzige Schule im weiten Umkreis ist, an der seit einigen Jahren alle Sch\u00fcler ihren Abschluss bestanden haben.<\/p>\n<p style=\"text-align: justify;\">Die Studierenden m\u00fcssen oft weite Wege in Kauf nehmen, um zur Schule zu kommen. Anfragen kommen inzwischen aus weit entfernten Regionen. Deshalb baut P. Ferdinand nun im Schulzentrum ein Internatsgeb\u00e4ude, in dem die Studierenden w\u00e4hrend der Schulzeit leben k\u00f6nnen.<\/p>\n<p style=\"text-align: justify;\">Seit kurzem erhielt P. Ferdinand die Lehrgenehmigung f\u00fcr den Ausbildungsbereich \u201eTechnik\u201c. F\u00fcr diesen Bereich wird ein weiteres Schulgeb\u00e4ude ben\u00f6tigt.<\/p>\n<p style=\"text-align: justify;\">Der Bau beider Geb\u00e4ude, vor allem der Bau des Internates bedeutet viel f\u00fcr die jungen Menschen im Kongo \u2013 es bedeutet Hoffnung, Hoffnung auf ein besseres Leben.<\/p>\n<p style=\"text-align: justify;\">Im Februar oder M\u00e4rz werden drei Mitglieder der Missionsbr\u00fccke in den Kongo reisen, um vor Ort den Bau des Internates und des Schulgeb\u00e4udes mit zu unterst\u00fctzen.<\/p>\n<p style=\"text-align: justify;\">Die Bilder zeigen das Schulzentrum \u201eEcole Technique Agroveterinaire\u201c, auf dessen Gel\u00e4nde auch das Internat und das neue Schulgeb\u00e4ude seinen Platz finden werden.<\/p>\n<p>&nbsp;<\/p>\n<div class=\"rl-gallery-container rl-loading\" id=\"rl-gallery-container-1\" data-gallery_id=\"371\"> <div class=\"rl-gallery rl-basicgrid-gallery \" id=\"rl-gallery-1\" data-gallery_no=\"1\"> <div class=\"rl-gallery-item\"><a href=\"https:\/\/missionsbruecke.de\/wp-content\/uploads\/2018\/12\/Schulzentrum.png\" title=\"Schulzentrum\" data-rl_title=\"Schulzentrum\" class=\"rl-gallery-link\" data-rl_caption=\"\" data-rel=\"lightbox-gallery-1\"><img loading=\"lazy\" decoding=\"async\" src=\"https:\/\/missionsbruecke.de\/wp-content\/uploads\/2018\/12\/Schulzentrum-300x225.png\" width=\"300\" height=\"225\" alt=\"Schulzentrum\"\/><\/a><\/div><div class=\"rl-gallery-item\"><a href=\"https:\/\/missionsbruecke.de\/wp-content\/uploads\/2018\/12\/Schulgebaeude_fuer_versch_Ausbildungsbereiche_2.png\" title=\"Schulgeb\u00e4ude f\u00fcr verschiedene Ausbildungsbereiche (1)\" data-rl_title=\"Schulgeb\u00e4ude f\u00fcr verschiedene Ausbildungsbereiche (1)\" class=\"rl-gallery-link\" data-rl_caption=\"\" data-rel=\"lightbox-gallery-1\"><img loading=\"lazy\" decoding=\"async\" src=\"https:\/\/missionsbruecke.de\/wp-content\/uploads\/2018\/12\/Schulgebaeude_fuer_versch_Ausbildungsbereiche_2-300x199.png\" width=\"300\" height=\"199\" alt=\"Schulgeb\u00e4ude f\u00fcr verschiedene Ausbildungsbereiche (1)\"\/><\/a><\/div><div class=\"rl-gallery-item\"><a href=\"https:\/\/missionsbruecke.de\/wp-content\/uploads\/2018\/12\/Schulgebaeude_fuer_versch_Ausbildungsbereiche_1.png\" title=\"Schulgeb\u00e4ude f\u00fcr verschiedene Ausbildungsbereiche (2)\" data-rl_title=\"Schulgeb\u00e4ude f\u00fcr verschiedene Ausbildungsbereiche (2)\" class=\"rl-gallery-link\" data-rl_caption=\"\" data-rel=\"lightbox-gallery-1\"><img loading=\"lazy\" decoding=\"async\" src=\"https:\/\/missionsbruecke.de\/wp-content\/uploads\/2018\/12\/Schulgebaeude_fuer_versch_Ausbildungsbereiche_1-300x225.png\" width=\"300\" height=\"225\" alt=\"Schulgeb\u00e4ude f\u00fcr verschiedene Ausbildungsbereiche (2)\"\/><\/a><\/div><div class=\"rl-gallery-item\"><a href=\"https:\/\/missionsbruecke.de\/wp-content\/uploads\/2018\/12\/Lehrer_Schueler_2.png\" title=\"Lehrer und Sch\u00fcler (1)\" data-rl_title=\"Lehrer und Sch\u00fcler (1)\" class=\"rl-gallery-link\" data-rl_caption=\"\" data-rel=\"lightbox-gallery-1\"><img loading=\"lazy\" decoding=\"async\" src=\"https:\/\/missionsbruecke.de\/wp-content\/uploads\/2018\/12\/Lehrer_Schueler_2-300x225.png\" width=\"300\" height=\"225\" alt=\"Lehrer und Sch\u00fcler (1)\"\/><\/a><\/div><div class=\"rl-gallery-item\"><a href=\"https:\/\/missionsbruecke.de\/wp-content\/uploads\/2018\/12\/Lehrer_Schueler_1.png\" title=\"Lehrer und Sch\u00fcler (2)\" data-rl_title=\"Lehrer und Sch\u00fcler (2)\" class=\"rl-gallery-link\" data-rl_caption=\"\" data-rel=\"lightbox-gallery-1\"><img loading=\"lazy\" decoding=\"async\" src=\"https:\/\/missionsbruecke.de\/wp-content\/uploads\/2018\/12\/Lehrer_Schueler_1-300x225.png\" width=\"300\" height=\"225\" alt=\"Lehrer und Sch\u00fcler (2)\"\/><\/a><\/div><div class=\"rl-gallery-item\"><a href=\"https:\/\/missionsbruecke.de\/wp-content\/uploads\/2018\/12\/Klassenzimmer.png\" title=\"Klassenzimmer\" data-rl_title=\"Klassenzimmer\" class=\"rl-gallery-link\" data-rl_caption=\"\" data-rel=\"lightbox-gallery-1\"><img loading=\"lazy\" decoding=\"async\" src=\"https:\/\/missionsbruecke.de\/wp-content\/uploads\/2018\/12\/Klassenzimmer-300x200.png\" width=\"300\" height=\"200\" alt=\"Klassenzimmer\"\/><\/a><\/div> <\/div> <\/div>\n","protected":false},"excerpt":{"rendered":"<p>Als im Jahr 2009 eine gr\u00f6\u00dfere Moosbacher Gruppe in den Kongo reiste, konnten sie dabei sein, als P. Ferdinand zusammen mit Pfarrer Josef Most aus Moosbach die weiterf\u00fchrende Schule \u201eEcole Technique Agroveterinaire\u201c einweihte, die durch Spendengeldern vor allem&#8230; <a class=\"read-more\" href=\"https:\/\/missionsbruecke.de\/?page_id=359\">Mehr erfahren<\/a><\/p>\n","protected":false},"author":1,"featured_media":0,"parent":0,"menu_order":0,"comment_status":"closed","ping_status":"closed","template":"","meta":{"footnotes":""},"class_list":["post-359","page","type-page","status-publish","hentry","no-comments"],"_links":{"self":[{"href":"https:\/\/missionsbruecke.de\/index.php?rest_route=\/wp\/v2\/pages\/359","targetHints":{"allow":["GET"]}}],"collection":[{"href":"https:\/\/missionsbruecke.de\/index.php?rest_route=\/wp\/v2\/pages"}],"about":[{"href":"https:\/\/missionsbruecke.de\/index.php?rest_route=\/wp\/v2\/types\/page"}],"author":[{"embeddable":true,"href":"https:\/\/missionsbruecke.de\/index.php?rest_route=\/wp\/v2\/users\/1"}],"replies":[{"embeddable":true,"href":"https:\/\/missionsbruecke.de\/index.php?rest_route=%2Fwp%2Fv2%2Fcomments&post=359"}],"version-history":[{"count":5,"href":"https:\/\/missionsbruecke.de\/index.php?rest_route=\/wp\/v2\/pages\/359\/revisions"}],"predecessor-version":[{"id":373,"href":"https:\/\/missionsbruecke.de\/index.php?rest_route=\/wp\/v2\/pages\/359\/revisions\/373"}],"wp:attachment":[{"href":"https:\/\/missionsbruecke.de\/index.php?rest_route=%2Fwp%2Fv2%2Fmedia&parent=359"}],"curies":[{"name":"wp","href":"https:\/\/api.w.org\/{rel}","templated":true}]}}