{"id":323,"date":"2018-08-22T13:06:13","date_gmt":"2018-08-22T11:06:13","guid":{"rendered":"http:\/\/missionsbruecke.de\/?page_id=323"},"modified":"2026-04-12T17:10:55","modified_gmt":"2026-04-12T15:10:55","slug":"beitraege","status":"publish","type":"page","link":"https:\/\/missionsbruecke.de\/?page_id=323","title":{"rendered":"Beitr\u00e4ge"},"content":{"rendered":"\n<p><strong>Bachelorarbeit<\/strong> von Jonas Rom: Dokumentarfilm &#8222;Ndendule&#8220; \u00fcber das Leben im Dorf und \u00fcber P. Ferdinand:<\/p>\n\n\n\n<figure class=\"wp-block-embed is-type-video is-provider-youtube wp-block-embed-youtube wp-embed-aspect-16-9 wp-has-aspect-ratio\"><div class=\"wp-block-embed__wrapper\">\n<iframe loading=\"lazy\" title=\"NDENDULE - Eine Mission im Regenwald\" width=\"1080\" height=\"608\" src=\"https:\/\/www.youtube.com\/embed\/aah8j_nNP3Q?feature=oembed\" frameborder=\"0\" allow=\"accelerometer; autoplay; clipboard-write; encrypted-media; gyroscope; picture-in-picture; web-share\" referrerpolicy=\"strict-origin-when-cross-origin\" allowfullscreen><\/iframe>\n<\/div><\/figure>\n\n\n<p><strong>Bachelorarbeit<\/strong> des Vereinsmitglieds Jakob Rom zum Thema: &#8222;Bodeneigenschaften und N\u00e4hrstoffgehalte von Landnutzungsfl\u00e4chen in Ndendule, D.R. Kongo&#8220; an der Universit\u00e4t Bayreuth aus dem Jahr 2017:<\/p>\n<p><a href=\"http:\/\/missionsbruecke.de\/wp-content\/uploads\/2018\/08\/BA_Bodeneigenschaften_Rom_Jakob.pdf\" target=\"_blank\" rel=\"noopener\">Arbeit als PDF \u00f6ffnen<\/a><\/p>","protected":false},"excerpt":{"rendered":"<p>Bachelorarbeit von Jonas Rom: Dokumentarfilm &#8222;Ndendule&#8220; \u00fcber das Leben im Dorf und \u00fcber P. Ferdinand: Bachelorarbeit des Vereinsmitglieds Jakob Rom zum Thema: &#8222;Bodeneigenschaften und N\u00e4hrstoffgehalte von Landnutzungsfl\u00e4chen in Ndendule, D.R. Kongo&#8220; an der Universit\u00e4t Bayreuth aus dem Jahr&#8230; <a class=\"read-more\" href=\"https:\/\/missionsbruecke.de\/?page_id=323\">Mehr erfahren<\/a><\/p>\n","protected":false},"author":1,"featured_media":0,"parent":0,"menu_order":0,"comment_status":"closed","ping_status":"closed","template":"","meta":{"footnotes":""},"class_list":["post-323","page","type-page","status-publish","hentry","no-comments"],"_links":{"self":[{"href":"https:\/\/missionsbruecke.de\/index.php?rest_route=\/wp\/v2\/pages\/323","targetHints":{"allow":["GET"]}}],"collection":[{"href":"https:\/\/missionsbruecke.de\/index.php?rest_route=\/wp\/v2\/pages"}],"about":[{"href":"https:\/\/missionsbruecke.de\/index.php?rest_route=\/wp\/v2\/types\/page"}],"author":[{"embeddable":true,"href":"https:\/\/missionsbruecke.de\/index.php?rest_route=\/wp\/v2\/users\/1"}],"replies":[{"embeddable":true,"href":"https:\/\/missionsbruecke.de\/index.php?rest_route=%2Fwp%2Fv2%2Fcomments&post=323"}],"version-history":[{"count":4,"href":"https:\/\/missionsbruecke.de\/index.php?rest_route=\/wp\/v2\/pages\/323\/revisions"}],"predecessor-version":[{"id":754,"href":"https:\/\/missionsbruecke.de\/index.php?rest_route=\/wp\/v2\/pages\/323\/revisions\/754"}],"wp:attachment":[{"href":"https:\/\/missionsbruecke.de\/index.php?rest_route=%2Fwp%2Fv2%2Fmedia&parent=323"}],"curies":[{"name":"wp","href":"https:\/\/api.w.org\/{rel}","templated":true}]}}