{"id":319,"date":"2018-08-22T12:56:04","date_gmt":"2018-08-22T10:56:04","guid":{"rendered":"http:\/\/missionsbruecke.de\/?page_id=319"},"modified":"2025-08-20T10:20:41","modified_gmt":"2025-08-20T08:20:41","slug":"presseberichte","status":"publish","type":"page","link":"https:\/\/missionsbruecke.de\/?page_id=319","title":{"rendered":"Presseberichte"},"content":{"rendered":"<p><strong>Bericht zur Privatisierung der Krankenstation i<\/strong>n Ndendule im August 2025 von Gaby Hagn und als OnetPlus Artikel:<\/p>\n<p><a href=\"https:\/\/missionsbruecke.de\/?page_id=673\"><img loading=\"lazy\" decoding=\"async\" class=\"alignnone size-medium wp-image-678 aligncenter\" src=\"https:\/\/missionsbruecke.de\/wp-content\/uploads\/2025\/08\/kh_3-300x225.jpeg\" alt=\"\" width=\"300\" height=\"225\" srcset=\"https:\/\/missionsbruecke.de\/wp-content\/uploads\/2025\/08\/kh_3-300x225.jpeg 300w, https:\/\/missionsbruecke.de\/wp-content\/uploads\/2025\/08\/kh_3-1024x768.jpeg 1024w, https:\/\/missionsbruecke.de\/wp-content\/uploads\/2025\/08\/kh_3-768x576.jpeg 768w, https:\/\/missionsbruecke.de\/wp-content\/uploads\/2025\/08\/kh_3-1536x1152.jpeg 1536w, https:\/\/missionsbruecke.de\/wp-content\/uploads\/2025\/08\/kh_3-1600x1200.jpeg 1600w, https:\/\/missionsbruecke.de\/wp-content\/uploads\/2025\/08\/kh_3-640x480.jpeg 640w, https:\/\/missionsbruecke.de\/wp-content\/uploads\/2025\/08\/kh_3.jpeg 2048w\" sizes=\"auto, (max-width: 300px) 100vw, 300px\" \/><\/a><\/p>\n<hr \/>\n<p><strong>Bericht zum 50-j\u00e4hrigen Priesterjubil\u00e4um <\/strong>von P. Ferdinand am 12.06.2022 in Tr\u00f6bes auf <strong>onetz.de:<\/strong><\/p>\n<p><a href=\"https:\/\/www.onetz.de\/oberpfalz\/troebes-moosbach\/pater-ferdinand-spenden-angewiesen-id3595209.html\" target=\"_blank\" rel=\"noopener\"><img loading=\"lazy\" decoding=\"async\" class=\"wp-image-616 aligncenter\" src=\"http:\/\/missionsbruecke.de\/wp-content\/uploads\/2022\/07\/priesterjub22-300x143.png\" alt=\"\" width=\"327\" height=\"156\" srcset=\"https:\/\/missionsbruecke.de\/wp-content\/uploads\/2022\/07\/priesterjub22-300x143.png 300w, https:\/\/missionsbruecke.de\/wp-content\/uploads\/2022\/07\/priesterjub22-768x366.png 768w, https:\/\/missionsbruecke.de\/wp-content\/uploads\/2022\/07\/priesterjub22-1024x488.png 1024w, https:\/\/missionsbruecke.de\/wp-content\/uploads\/2022\/07\/priesterjub22-640x305.png 640w, https:\/\/missionsbruecke.de\/wp-content\/uploads\/2022\/07\/priesterjub22.png 1087w\" sizes=\"auto, (max-width: 327px) 100vw, 327px\" \/><\/a><\/p>\n<hr \/>\n<p><strong>Bericht zur Jahreshauptversammlung <\/strong>vom 03.06.2022 auf <strong>onetz.de<\/strong>:<\/p>\n<p><a href=\"https:\/\/www.onetz.de\/oberpfalz\/moosbach\/missionsbruecke-moosbach-waehlt-fuehrungsriege-id3579819.html\" target=\"_blank\" rel=\"noopener\"><img loading=\"lazy\" decoding=\"async\" class=\"size-medium wp-image-612 aligncenter\" src=\"http:\/\/missionsbruecke.de\/wp-content\/uploads\/2022\/07\/jhv2022-e1657443241263-300x195.png\" alt=\"\" width=\"300\" height=\"195\" srcset=\"https:\/\/missionsbruecke.de\/wp-content\/uploads\/2022\/07\/jhv2022-e1657443241263-300x195.png 300w, https:\/\/missionsbruecke.de\/wp-content\/uploads\/2022\/07\/jhv2022-e1657443241263.png 562w\" sizes=\"auto, (max-width: 300px) 100vw, 300px\" \/><\/a><\/p>\n<hr \/>\n<p><strong>Weihnachtsgr\u00fc\u00dfe<\/strong> von Pater Ferdinand aus dem Kongo zum Weihnachtsfest 2021 auf <strong>onetz.de<\/strong>:<\/p>\n<p><a href=\"https:\/\/www.onetz.de\/oberpfalz\/moosbach\/weihnachtsgruss-kongo-id3385846.html\" target=\"_blank\" rel=\"noopener\"><img loading=\"lazy\" decoding=\"async\" class=\"size-medium wp-image-601 aligncenter\" src=\"http:\/\/missionsbruecke.de\/wp-content\/uploads\/2021\/12\/feridnand_weihnachten2021-300x162.png\" alt=\"\" width=\"300\" height=\"162\" srcset=\"https:\/\/missionsbruecke.de\/wp-content\/uploads\/2021\/12\/feridnand_weihnachten2021-300x162.png 300w, https:\/\/missionsbruecke.de\/wp-content\/uploads\/2021\/12\/feridnand_weihnachten2021-768x414.png 768w, https:\/\/missionsbruecke.de\/wp-content\/uploads\/2021\/12\/feridnand_weihnachten2021-1024x552.png 1024w, https:\/\/missionsbruecke.de\/wp-content\/uploads\/2021\/12\/feridnand_weihnachten2021-640x345.png 640w, https:\/\/missionsbruecke.de\/wp-content\/uploads\/2021\/12\/feridnand_weihnachten2021.png 1284w\" sizes=\"auto, (max-width: 300px) 100vw, 300px\" \/><\/a><\/p>\n<hr \/>\n<p>Bericht zur <strong>Kongoreise<\/strong> von Gaby Hagn, Waltraud Burger und Hanne Fleischmann vom Dezember 2019 bis Januar 2020 mit vielen <strong>Bildern und Eindr\u00fccken<\/strong> zur aktuellen Situation in Ndendule auf <strong>onetz.de<\/strong>:<\/p>\n<p><a href=\"https:\/\/www.onetz.de\/oberpfalz\/troebes-moosbach\/gaeste-bayern-schon-freunde-id2964690.html\" target=\"_blank\" rel=\"noopener\"><img loading=\"lazy\" decoding=\"async\" class=\"aligncenter wp-image-487 size-medium\" src=\"http:\/\/missionsbruecke.de\/wp-content\/uploads\/2020\/02\/kongoreise2-300x161.png\" alt=\"\" width=\"300\" height=\"161\" srcset=\"https:\/\/missionsbruecke.de\/wp-content\/uploads\/2020\/02\/kongoreise2-300x161.png 300w, https:\/\/missionsbruecke.de\/wp-content\/uploads\/2020\/02\/kongoreise2-768x411.png 768w, https:\/\/missionsbruecke.de\/wp-content\/uploads\/2020\/02\/kongoreise2-640x343.png 640w, https:\/\/missionsbruecke.de\/wp-content\/uploads\/2020\/02\/kongoreise2.png 915w\" sizes=\"auto, (max-width: 300px) 100vw, 300px\" \/><\/a><\/p>\n<hr \/>\n<p>Pressebericht zur <strong>Jahreshauptversammlung<\/strong> der Missionsbr\u00fccke im Januar 2020 auf <strong>onetz.de<\/strong>:<\/p>\n<p><a href=\"https:\/\/www.onetz.de\/oberpfalz\/troebes-moosbach\/erfolgsgeschichte-missionsbruecke-id2962884.html\" target=\"_blank\" rel=\"noopener\"><img loading=\"lazy\" decoding=\"async\" class=\"aligncenter wp-image-486 size-medium\" src=\"http:\/\/missionsbruecke.de\/wp-content\/uploads\/2020\/02\/general-300x144.png\" alt=\"\" width=\"300\" height=\"144\" srcset=\"https:\/\/missionsbruecke.de\/wp-content\/uploads\/2020\/02\/general-300x144.png 300w, https:\/\/missionsbruecke.de\/wp-content\/uploads\/2020\/02\/general-768x369.png 768w, https:\/\/missionsbruecke.de\/wp-content\/uploads\/2020\/02\/general-640x308.png 640w, https:\/\/missionsbruecke.de\/wp-content\/uploads\/2020\/02\/general.png 907w\" sizes=\"auto, (max-width: 300px) 100vw, 300px\" \/><\/a><\/p>\n<hr \/>\n<p>Interview mit <strong>Pater Ferdinand<\/strong> auf <strong>Oberpfalz TV<\/strong> beim Bayerisch-Kongolesischen Fr\u00fchschoppen:<\/p>\n<p><a href=\"https:\/\/www.otv.de\/mediathek\/video\/oberpfaelzer-heimat-vom-27-08-2018\/\" target=\"_blank\" rel=\"noopener\"><img loading=\"lazy\" decoding=\"async\" class=\"size-medium wp-image-343 aligncenter\" src=\"http:\/\/missionsbruecke.de\/wp-content\/uploads\/2018\/10\/Interview_Ferdinand-300x164.png\" alt=\"\" width=\"300\" height=\"164\" srcset=\"https:\/\/missionsbruecke.de\/wp-content\/uploads\/2018\/10\/Interview_Ferdinand-300x164.png 300w, https:\/\/missionsbruecke.de\/wp-content\/uploads\/2018\/10\/Interview_Ferdinand.png 400w\" sizes=\"auto, (max-width: 300px) 100vw, 300px\" \/><\/a><\/p>\n<hr \/>\n<p>Beitrag auf <strong>Oberpfalz TV<\/strong> \u00fcber Pater Ferdinand und dem Bayerisch-Kongolesischen Fr\u00fchschoppen:<\/p>\n<p><a href=\"https:\/\/www.otv.de\/mediathek\/video\/missions-bruecke-zwischen-moosbach-und-kongo\/\" target=\"_blank\" rel=\"noopener\"><img loading=\"lazy\" decoding=\"async\" class=\"size-medium wp-image-333 aligncenter\" src=\"http:\/\/missionsbruecke.de\/wp-content\/uploads\/2018\/08\/OTV_Bericht-300x168.png\" alt=\"\" width=\"300\" height=\"168\" srcset=\"https:\/\/missionsbruecke.de\/wp-content\/uploads\/2018\/08\/OTV_Bericht-300x168.png 300w, https:\/\/missionsbruecke.de\/wp-content\/uploads\/2018\/08\/OTV_Bericht.png 400w\" sizes=\"auto, (max-width: 300px) 100vw, 300px\" \/><\/a><\/p>\n<hr \/>\n<p>Presseberichte zum <strong>Bayerisch-Kongolesischem Fr\u00fchschoppen<\/strong> auf onetz.de:<\/p>\n<p>[one_half]<\/p>\n<p><a href=\"https:\/\/www.onetz.de\/oberpfalz\/troebes-moosbach\/hauch-kongo-troebes-id2470235.html\" target=\"_blank\" rel=\"noopener\"><img loading=\"lazy\" decoding=\"async\" class=\"alignnone size-medium wp-image-313\" src=\"http:\/\/missionsbruecke.de\/wp-content\/uploads\/2018\/08\/Hauch_von_Kongo_Onetz-300x200.png\" alt=\"\" width=\"300\" height=\"200\" srcset=\"https:\/\/missionsbruecke.de\/wp-content\/uploads\/2018\/08\/Hauch_von_Kongo_Onetz-300x200.png 300w, https:\/\/missionsbruecke.de\/wp-content\/uploads\/2018\/08\/Hauch_von_Kongo_Onetz.png 350w\" sizes=\"auto, (max-width: 300px) 100vw, 300px\" \/><\/a><\/p>\n<p>[\/one_half][one_half_last]<\/p>\n<p><a href=\"https:\/\/www.onetz.de\/oberpfalz\/troebes-moosbach\/bayerisch-kongolesischer-fruehschoppen-id2471160.html\" target=\"_blank\" rel=\"noopener\"><img loading=\"lazy\" decoding=\"async\" class=\"alignnone size-medium wp-image-312\" src=\"http:\/\/missionsbruecke.de\/wp-content\/uploads\/2018\/08\/Fruehschoppen_Onetz-300x198.png\" alt=\"\" width=\"300\" height=\"198\" srcset=\"https:\/\/missionsbruecke.de\/wp-content\/uploads\/2018\/08\/Fruehschoppen_Onetz-300x198.png 300w, https:\/\/missionsbruecke.de\/wp-content\/uploads\/2018\/08\/Fruehschoppen_Onetz.png 350w\" sizes=\"auto, (max-width: 300px) 100vw, 300px\" \/><\/a><\/p>\n<p>[\/one_half_last]<\/p>\n<hr \/>\n<p>Pressebericht zur <strong>Vereinsgr\u00fcndung<\/strong>:<\/p>\n<p><a href=\"https:\/\/www.onetz.de\/moosbach\/vermischtes\/verein-missionsbruecke-moosbach-ndenduledr-kongo-mit-27-mitgliedern-gegruendet-fundament-fuer-missionsbruecke-d1808202.html\" target=\"_blank\" rel=\"noopener\"><img loading=\"lazy\" decoding=\"async\" class=\"size-medium wp-image-133 aligncenter\" src=\"http:\/\/missionsbruecke.de\/wp-content\/uploads\/2018\/07\/Gruendungsversammlung_Onetz-300x201.png\" alt=\"\" width=\"300\" height=\"201\" srcset=\"https:\/\/missionsbruecke.de\/wp-content\/uploads\/2018\/07\/Gruendungsversammlung_Onetz-300x201.png 300w, https:\/\/missionsbruecke.de\/wp-content\/uploads\/2018\/07\/Gruendungsversammlung_Onetz.png 400w\" sizes=\"auto, (max-width: 300px) 100vw, 300px\" \/><\/a><\/p>\n","protected":false},"excerpt":{"rendered":"<p>Bericht zur Privatisierung der Krankenstation in Ndendule im August 2025 von Gaby Hagn und als OnetPlus Artikel: Bericht zum 50-j\u00e4hrigen Priesterjubil\u00e4um von P. Ferdinand am 12.06.2022 in Tr\u00f6bes auf onetz.de: Bericht zur Jahreshauptversammlung vom 03.06.2022 auf onetz.de: Weihnachtsgr\u00fc\u00dfe&#8230; <a class=\"read-more\" href=\"https:\/\/missionsbruecke.de\/?page_id=319\">Mehr erfahren<\/a><\/p>\n","protected":false},"author":1,"featured_media":0,"parent":0,"menu_order":0,"comment_status":"closed","ping_status":"closed","template":"","meta":{"footnotes":""},"class_list":["post-319","page","type-page","status-publish","hentry","no-comments"],"_links":{"self":[{"href":"https:\/\/missionsbruecke.de\/index.php?rest_route=\/wp\/v2\/pages\/319","targetHints":{"allow":["GET"]}}],"collection":[{"href":"https:\/\/missionsbruecke.de\/index.php?rest_route=\/wp\/v2\/pages"}],"about":[{"href":"https:\/\/missionsbruecke.de\/index.php?rest_route=\/wp\/v2\/types\/page"}],"author":[{"embeddable":true,"href":"https:\/\/missionsbruecke.de\/index.php?rest_route=\/wp\/v2\/users\/1"}],"replies":[{"embeddable":true,"href":"https:\/\/missionsbruecke.de\/index.php?rest_route=%2Fwp%2Fv2%2Fcomments&post=319"}],"version-history":[{"count":11,"href":"https:\/\/missionsbruecke.de\/index.php?rest_route=\/wp\/v2\/pages\/319\/revisions"}],"predecessor-version":[{"id":687,"href":"https:\/\/missionsbruecke.de\/index.php?rest_route=\/wp\/v2\/pages\/319\/revisions\/687"}],"wp:attachment":[{"href":"https:\/\/missionsbruecke.de\/index.php?rest_route=%2Fwp%2Fv2%2Fmedia&parent=319"}],"curies":[{"name":"wp","href":"https:\/\/api.w.org\/{rel}","templated":true}]}}