{"id":16,"date":"2018-07-16T15:36:43","date_gmt":"2018-07-16T15:36:43","guid":{"rendered":"http:\/\/missionsbruecke.de\/?page_id=16"},"modified":"2024-07-23T11:43:03","modified_gmt":"2024-07-23T09:43:03","slug":"spenden","status":"publish","type":"page","link":"https:\/\/missionsbruecke.de\/?page_id=16","title":{"rendered":"Spenden"},"content":{"rendered":"<p><strong>Helfen Sie mit!<\/strong><\/p>\n<p>Neben vielen Spendern unterst\u00fctzt vor allem die Missionsbr\u00fccke Moosbach &#8211; Ndendule e.V. die Missionsarbeit von P. Ferdinand durch verschiedene Aktionen.<\/p>\n<p>&nbsp;<\/p>\n<p>Auch Sie k\u00f6nnen mithelfen z.B.<\/p>\n<ul>\n<li><a href=\"http:\/\/missionsbruecke.de\/?page_id=112\">als Mitglied<\/a><\/li>\n<li>mit einer Spende<\/li>\n<\/ul>\n<p>Jede Spende kommt direkt und zu 100% den Projekten zugute. Alle Mitglieder arbeiten freiwillig und ehrenamtlich f\u00fcr das Hilfsprojekt.<\/p>\n<p>Die Missionsbr\u00fccke ist als gemeinn\u00fctziger Verein anerkannt und somit berechtigt Spendenbescheinigungen auszustellen.<\/p>\n<p>F\u00fcr weitere Fragen kontaktieren Sie uns unter info@missionsbruecke.de<\/p>\n<p>&nbsp;<\/p>\n<p><strong>Spendenkonto:<\/strong><\/p>\n<p>Missionsbr\u00fccke Moosbach &#8211; Ndendule<br \/>\nVolksbank Raiffeisenbank Nordoberpfalz<br \/>\n<strong>IBAN:\u00a0<\/strong>DE04 7539 0000 0303 273768<br \/>\n<strong>BIC:\u00a0<\/strong>GENODEF1WEV<\/p>\n","protected":false},"excerpt":{"rendered":"<p>Helfen Sie mit! Neben vielen Spendern unterst\u00fctzt vor allem die Missionsbr\u00fccke Moosbach &#8211; Ndendule e.V. die Missionsarbeit von P. Ferdinand durch verschiedene Aktionen. &nbsp; Auch Sie k\u00f6nnen mithelfen z.B. als Mitglied mit einer Spende Jede Spende kommt direkt&#8230; <a class=\"read-more\" href=\"https:\/\/missionsbruecke.de\/?page_id=16\">Mehr erfahren<\/a><\/p>\n","protected":false},"author":1,"featured_media":0,"parent":0,"menu_order":0,"comment_status":"closed","ping_status":"closed","template":"","meta":{"footnotes":""},"class_list":["post-16","page","type-page","status-publish","hentry","no-comments"],"_links":{"self":[{"href":"https:\/\/missionsbruecke.de\/index.php?rest_route=\/wp\/v2\/pages\/16","targetHints":{"allow":["GET"]}}],"collection":[{"href":"https:\/\/missionsbruecke.de\/index.php?rest_route=\/wp\/v2\/pages"}],"about":[{"href":"https:\/\/missionsbruecke.de\/index.php?rest_route=\/wp\/v2\/types\/page"}],"author":[{"embeddable":true,"href":"https:\/\/missionsbruecke.de\/index.php?rest_route=\/wp\/v2\/users\/1"}],"replies":[{"embeddable":true,"href":"https:\/\/missionsbruecke.de\/index.php?rest_route=%2Fwp%2Fv2%2Fcomments&post=16"}],"version-history":[{"count":8,"href":"https:\/\/missionsbruecke.de\/index.php?rest_route=\/wp\/v2\/pages\/16\/revisions"}],"predecessor-version":[{"id":658,"href":"https:\/\/missionsbruecke.de\/index.php?rest_route=\/wp\/v2\/pages\/16\/revisions\/658"}],"wp:attachment":[{"href":"https:\/\/missionsbruecke.de\/index.php?rest_route=%2Fwp%2Fv2%2Fmedia&parent=16"}],"curies":[{"name":"wp","href":"https:\/\/api.w.org\/{rel}","templated":true}]}}