{"id":142,"date":"2018-07-18T13:14:21","date_gmt":"2018-07-18T13:14:21","guid":{"rendered":"http:\/\/missionsbruecke.de\/?page_id=142"},"modified":"2026-03-31T18:45:20","modified_gmt":"2026-03-31T16:45:20","slug":"termine","status":"publish","type":"page","link":"https:\/\/missionsbruecke.de\/?page_id=142","title":{"rendered":"Termine"},"content":{"rendered":"<h4><strong>So, 12. April 2026<\/strong><\/h4>\n<p>Jahreshauptversammlung der Missionsbr\u00fccke am 12.04.2026 um 18 Uhr im Gasthaus Bodensteiner in Tr\u00f6bes.<\/p>\n<hr \/>\n<h4><strong>So, 30. M\u00e4rz 2025<\/strong><\/h4>\n<p>Meditative Andacht &#8222;Perlen des Lebens&#8220; am 30.03.2025 um 16 Uhr in der Pfarrkirche Moosbach, gestaltet durch den Chor Horizont aus Teunz.<\/p>\n<p><img loading=\"lazy\" decoding=\"async\" class=\"wp-image-669 aligncenter\" src=\"http:\/\/missionsbruecke.de\/wp-content\/uploads\/2025\/03\/PlakatAndachtpng-212x300.png\" alt=\"\" width=\"417\" height=\"590\" srcset=\"https:\/\/missionsbruecke.de\/wp-content\/uploads\/2025\/03\/PlakatAndachtpng-212x300.png 212w, https:\/\/missionsbruecke.de\/wp-content\/uploads\/2025\/03\/PlakatAndachtpng-452x640.png 452w, https:\/\/missionsbruecke.de\/wp-content\/uploads\/2025\/03\/PlakatAndachtpng.png 672w\" sizes=\"auto, (max-width: 417px) 100vw, 417px\" \/><\/p>\n<hr \/>\n<h4><strong>Fr, 08. Dezember 2023 und Mi, 13. Dezember<br \/>\n<\/strong><\/h4>\n<p>&#8222;Ein Abend im Kongo&#8220; mit Bildern der letzten Kongoreise. Auch der Dokumentarfilm &#8222;Ndendule &#8211; eine Mission im Regenwald&#8220; wird gezeigt.<\/p>\n<ul>\n<li>Am Fr, 08.12.2023 um 19 Uhr im Gasthaus Bodensteiner in Tr\u00f6bes<\/li>\n<li>Am Mi, 13.12.2023 um 19 Uhr im Pfarrheim in Moosbach<\/li>\n<\/ul>\n<p><a href=\"http:\/\/missionsbruecke.de\/wp-content\/uploads\/2023\/12\/kongofilm1.jpg\" data-rel=\"lightbox-image-0\" data-rl_title=\"\" data-rl_caption=\"\" title=\"\"><img loading=\"lazy\" decoding=\"async\" class=\"alignnone wp-image-653\" src=\"http:\/\/missionsbruecke.de\/wp-content\/uploads\/2023\/12\/kongofilm1-211x300.jpg\" alt=\"\" width=\"275\" height=\"391\" srcset=\"https:\/\/missionsbruecke.de\/wp-content\/uploads\/2023\/12\/kongofilm1-211x300.jpg 211w, https:\/\/missionsbruecke.de\/wp-content\/uploads\/2023\/12\/kongofilm1-768x1090.jpg 768w, https:\/\/missionsbruecke.de\/wp-content\/uploads\/2023\/12\/kongofilm1-722x1024.jpg 722w, https:\/\/missionsbruecke.de\/wp-content\/uploads\/2023\/12\/kongofilm1-1268x1800.jpg 1268w, https:\/\/missionsbruecke.de\/wp-content\/uploads\/2023\/12\/kongofilm1-846x1200.jpg 846w, https:\/\/missionsbruecke.de\/wp-content\/uploads\/2023\/12\/kongofilm1-451x640.jpg 451w, https:\/\/missionsbruecke.de\/wp-content\/uploads\/2023\/12\/kongofilm1.jpg 1443w\" sizes=\"auto, (max-width: 275px) 100vw, 275px\" \/><\/a> <a href=\"http:\/\/missionsbruecke.de\/wp-content\/uploads\/2023\/12\/kongofilm2.jpg\" data-rel=\"lightbox-image-1\" data-rl_title=\"\" data-rl_caption=\"\" title=\"\"><img loading=\"lazy\" decoding=\"async\" class=\"alignnone wp-image-654\" src=\"http:\/\/missionsbruecke.de\/wp-content\/uploads\/2023\/12\/kongofilm2-212x300.jpg\" alt=\"\" width=\"276\" height=\"390\" srcset=\"https:\/\/missionsbruecke.de\/wp-content\/uploads\/2023\/12\/kongofilm2-212x300.jpg 212w, https:\/\/missionsbruecke.de\/wp-content\/uploads\/2023\/12\/kongofilm2-768x1086.jpg 768w, https:\/\/missionsbruecke.de\/wp-content\/uploads\/2023\/12\/kongofilm2-724x1024.jpg 724w, https:\/\/missionsbruecke.de\/wp-content\/uploads\/2023\/12\/kongofilm2-848x1200.jpg 848w, https:\/\/missionsbruecke.de\/wp-content\/uploads\/2023\/12\/kongofilm2-452x640.jpg 452w, https:\/\/missionsbruecke.de\/wp-content\/uploads\/2023\/12\/kongofilm2.jpg 1131w\" sizes=\"auto, (max-width: 276px) 100vw, 276px\" \/><\/a><\/p>\n<hr \/>\n<h4><strong>So, 24. September 2023<\/strong><\/h4>\n<p>Die Missionsbr\u00fccke und der Chor Amicanti aus Waldthurn veranstalten ein Benefizkonzert um 17 Uhr im Rathaussaal Moosbach. Auch Bilder der letzten Kongoreise werden gezeigt. Der Eintritt ist frei &#8211; wie immer sind alle Spenden f\u00fcr die Arbeit von P. Ferdinand im Kongo bestimmt.<\/p>\n<p><img loading=\"lazy\" decoding=\"async\" class=\" wp-image-643 aligncenter\" src=\"http:\/\/missionsbruecke.de\/wp-content\/uploads\/2023\/09\/amicanti_mb-212x300.jpeg\" alt=\"\" width=\"355\" height=\"502\" srcset=\"https:\/\/missionsbruecke.de\/wp-content\/uploads\/2023\/09\/amicanti_mb-212x300.jpeg 212w, https:\/\/missionsbruecke.de\/wp-content\/uploads\/2023\/09\/amicanti_mb-768x1086.jpeg 768w, https:\/\/missionsbruecke.de\/wp-content\/uploads\/2023\/09\/amicanti_mb-724x1024.jpeg 724w, https:\/\/missionsbruecke.de\/wp-content\/uploads\/2023\/09\/amicanti_mb-848x1200.jpeg 848w, https:\/\/missionsbruecke.de\/wp-content\/uploads\/2023\/09\/amicanti_mb-452x640.jpeg 452w, https:\/\/missionsbruecke.de\/wp-content\/uploads\/2023\/09\/amicanti_mb.jpeg 1131w\" sizes=\"auto, (max-width: 355px) 100vw, 355px\" \/><\/p>\n<hr \/>\n<h4><strong>So, 11. Dezember 2022<\/strong><\/h4>\n<p>Der <strong>Eslarner Dreigsang<\/strong> und die Missionsbr\u00fccke veranstalten ein <strong>Adventssingen<\/strong> um <strong>16 Uhr<\/strong> in der <strong>Filialkirche in Tr\u00f6bes<\/strong>. Der Eintritt ist frei, alle Spenden kommen direkt der Arbeit von Pater Ferdinand im Kongo zugute.<\/p>\n<p><a href=\"http:\/\/missionsbruecke.de\/wp-content\/uploads\/2022\/11\/adventssingen.jpeg\" data-rel=\"lightbox-image-2\" data-rl_title=\"\" data-rl_caption=\"\" title=\"\"><img loading=\"lazy\" decoding=\"async\" class=\"aligncenter wp-image-624\" src=\"http:\/\/missionsbruecke.de\/wp-content\/uploads\/2022\/11\/adventssingen-215x300.jpeg\" alt=\"\" width=\"424\" height=\"592\" srcset=\"https:\/\/missionsbruecke.de\/wp-content\/uploads\/2022\/11\/adventssingen-215x300.jpeg 215w, https:\/\/missionsbruecke.de\/wp-content\/uploads\/2022\/11\/adventssingen-768x1071.jpeg 768w, https:\/\/missionsbruecke.de\/wp-content\/uploads\/2022\/11\/adventssingen-734x1024.jpeg 734w, https:\/\/missionsbruecke.de\/wp-content\/uploads\/2022\/11\/adventssingen-861x1200.jpeg 861w, https:\/\/missionsbruecke.de\/wp-content\/uploads\/2022\/11\/adventssingen-459x640.jpeg 459w, https:\/\/missionsbruecke.de\/wp-content\/uploads\/2022\/11\/adventssingen.jpeg 1080w\" sizes=\"auto, (max-width: 424px) 100vw, 424px\" \/><\/a><\/p>\n<hr \/>\n<h4><strong>Sa, 26. November 2022<\/strong><\/h4>\n<p>Die Missionsbr\u00fccke betreut auf der <strong>Hofweihnacht<\/strong> in Gaisheim einen Stand. Kommt gerne vorbei!<\/p>\n<p><a href=\"http:\/\/missionsbruecke.de\/wp-content\/uploads\/2022\/11\/hofweihnacht.jpeg\" data-rel=\"lightbox-image-3\" data-rl_title=\"\" data-rl_caption=\"\" title=\"\"><img loading=\"lazy\" decoding=\"async\" class=\"aligncenter wp-image-626\" src=\"http:\/\/missionsbruecke.de\/wp-content\/uploads\/2022\/11\/hofweihnacht-212x300.jpeg\" alt=\"\" width=\"445\" height=\"630\" srcset=\"https:\/\/missionsbruecke.de\/wp-content\/uploads\/2022\/11\/hofweihnacht-212x300.jpeg 212w, https:\/\/missionsbruecke.de\/wp-content\/uploads\/2022\/11\/hofweihnacht-768x1086.jpeg 768w, https:\/\/missionsbruecke.de\/wp-content\/uploads\/2022\/11\/hofweihnacht-724x1024.jpeg 724w, https:\/\/missionsbruecke.de\/wp-content\/uploads\/2022\/11\/hofweihnacht-1273x1800.jpeg 1273w, https:\/\/missionsbruecke.de\/wp-content\/uploads\/2022\/11\/hofweihnacht-849x1200.jpeg 849w, https:\/\/missionsbruecke.de\/wp-content\/uploads\/2022\/11\/hofweihnacht-453x640.jpeg 453w, https:\/\/missionsbruecke.de\/wp-content\/uploads\/2022\/11\/hofweihnacht.jpeg 1414w\" sizes=\"auto, (max-width: 445px) 100vw, 445px\" \/><\/a><\/p>\n<hr \/>\n<h4><strong>So, 12. Juni 2022<\/strong><\/h4>\n<p>Einladung zum afrikanischen<strong> Gottesdienst<\/strong> mit anschlie\u00dfendem<strong> Fr\u00fchschoppen<\/strong> in der <strong>Filialkirche in Tr\u00f6bes um 09:00 Uhr<\/strong>.<\/p>\n<p><img loading=\"lazy\" decoding=\"async\" class=\" wp-image-607 aligncenter\" src=\"http:\/\/missionsbruecke.de\/wp-content\/uploads\/2022\/05\/shoppen_2022-213x300.png\" alt=\"\" width=\"224\" height=\"315\" srcset=\"https:\/\/missionsbruecke.de\/wp-content\/uploads\/2022\/05\/shoppen_2022-213x300.png 213w, https:\/\/missionsbruecke.de\/wp-content\/uploads\/2022\/05\/shoppen_2022-453x640.png 453w, https:\/\/missionsbruecke.de\/wp-content\/uploads\/2022\/05\/shoppen_2022.png 629w\" sizes=\"auto, (max-width: 224px) 100vw, 224px\" \/><\/p>\n<hr \/>\n<h4><strong>So, 03. Juni 2022<\/strong><\/h4>\n<p>Die Vorstandschaft l\u00e4dt alle Mitglieder zur<strong> Jahreshauptversammlung<\/strong> um <strong>19:00 Uhr<\/strong> in das <strong>Gasthaus Bodensteiner<\/strong> in Tr\u00f6bes ein.<\/p>\n<hr \/>\n<h4><strong>Sa, 12. Juni 2021<\/strong><\/h4>\n<p><strong>Benefiz-Yoga<\/strong> mit Alexandra Schneider im Moosbacher<strong> Kurpark<\/strong> um <strong>17:00 Uhr<\/strong>.<\/p>\n<p><img loading=\"lazy\" decoding=\"async\" class=\"size-medium wp-image-596 aligncenter\" src=\"http:\/\/missionsbruecke.de\/wp-content\/uploads\/2021\/06\/yoga_plakat-225x300.png\" alt=\"\" width=\"225\" height=\"300\" srcset=\"https:\/\/missionsbruecke.de\/wp-content\/uploads\/2021\/06\/yoga_plakat-225x300.png 225w, https:\/\/missionsbruecke.de\/wp-content\/uploads\/2021\/06\/yoga_plakat.png 439w\" sizes=\"auto, (max-width: 225px) 100vw, 225px\" \/><\/p>\n<hr \/>\n<h4><strong>So, 02. Februar 2020<\/strong><\/h4>\n<p>Die Vorstandschaft l\u00e4dt alle Mitglieder zur<strong> Jahreshauptversammlung<\/strong> um <strong>19:00 Uhr<\/strong> in das <strong>Gasthaus Bodensteiner<\/strong> in Tr\u00f6bes ein.<\/p>\n<hr \/>\n<h4><strong>So, 15. Dezember 2019<\/strong><\/h4>\n<p>Die Kirchenverwaltung Tr\u00f6bes und die Missionsbr\u00fccke laden herzlichst ein zum <strong>Benefiz-Adventskonzert<\/strong> mit dem bekannten Vocalensemble <strong>ChorDiSono<\/strong> am 3. Adventssonntag, <strong>15. Dezember 2019 um 16:00 Uhr<\/strong> in der <strong>Filialkirche in Tr\u00f6bes<\/strong>.<\/p>\n<p>Der Eintritt ist frei, Spenden gehen an die Missionsbr\u00fccke und kommen damit direkt der wertvollen Arbeit von P. Ferdinand in Ndendule zugute.<\/p>\n<p><img loading=\"lazy\" decoding=\"async\" class=\" wp-image-481 aligncenter\" src=\"http:\/\/missionsbruecke.de\/wp-content\/uploads\/2019\/11\/Chordisono-212x300.png\" alt=\"\" width=\"304\" height=\"430\" srcset=\"https:\/\/missionsbruecke.de\/wp-content\/uploads\/2019\/11\/Chordisono-212x300.png 212w, https:\/\/missionsbruecke.de\/wp-content\/uploads\/2019\/11\/Chordisono-453x640.png 453w, https:\/\/missionsbruecke.de\/wp-content\/uploads\/2019\/11\/Chordisono.png 461w\" sizes=\"auto, (max-width: 304px) 100vw, 304px\" \/><\/p>\n<hr \/>\n<h4><strong>Di, 03. Dezember 2019<\/strong><\/h4>\n<p>Ganz herzlich laden wir ein zu einem <strong>Bildervortrag<\/strong> von Richard Reger und Ulrike Guttenberger, die in diesem Jahr im Kongo waren und Pater Ferdinand in Ndendule besuchten. Am<strong> Dienstag, 03. Dezember<\/strong> <strong>2019<\/strong> um <strong>19:30 Uhr<\/strong> werden sie uns im <strong>Pfarrheim in Moosbach<\/strong> von ihren Eindr\u00fccken erz\u00e4hlen.<\/p>\n<p><img loading=\"lazy\" decoding=\"async\" class=\" wp-image-479 aligncenter\" src=\"http:\/\/missionsbruecke.de\/wp-content\/uploads\/2019\/11\/Vortrag_Dez2019_2-199x300.png\" alt=\"\" width=\"423\" height=\"638\" srcset=\"https:\/\/missionsbruecke.de\/wp-content\/uploads\/2019\/11\/Vortrag_Dez2019_2-199x300.png 199w, https:\/\/missionsbruecke.de\/wp-content\/uploads\/2019\/11\/Vortrag_Dez2019_2.png 390w\" sizes=\"auto, (max-width: 423px) 100vw, 423px\" \/><\/p>\n<hr \/>\n<h4><strong>So, 29. September 2019<\/strong><\/h4>\n<p>[one_half]Wir laden Euch und Sie alle am\u00a0<strong>Sonntag, 29. September 2019<\/strong>\u00a0ganz herzlich nach Tr\u00f6bes ein. Beginnen wollen wir um\u00a0<strong>8.30 h<\/strong>\u00a0mit einem\u00a0<strong>Gottesdienst<\/strong>\u00a0im afrikanischen Ritus, gestaltet durch die Gruppe Taktvoll mit Liedern aus dem Kongo. Danach geht es weiter mit einem\u00a0<strong>Fr\u00fchschoppen<\/strong>\u00a0auf dem Kirchplatz. Mit Wei\u00dfw\u00fcrsten, Leberk\u00e4s, Kuchen, Getr\u00e4nken und flotter Musik wollen wir nochmal in gem\u00fctlicher Runde zusammen sitzen. Verkauft wird au\u00dferdem wieder die Missionsbr\u00fccken-Marmelade. Der gesamte Erl\u00f6s ist bestimmt f\u00fcr den sehr notwendigen Stra\u00dfenbau rund um Ndendule.[\/one_half][one_half_last]<img loading=\"lazy\" decoding=\"async\" class=\"alignnone wp-image-430\" src=\"http:\/\/missionsbruecke.de\/wp-content\/uploads\/2019\/08\/Fr\u00fchschoppen-2019-1-212x300.png\" alt=\"\" width=\"293\" height=\"415\" srcset=\"https:\/\/missionsbruecke.de\/wp-content\/uploads\/2019\/08\/Fr\u00fchschoppen-2019-1-212x300.png 212w, https:\/\/missionsbruecke.de\/wp-content\/uploads\/2019\/08\/Fr\u00fchschoppen-2019-1-768x1086.png 768w, https:\/\/missionsbruecke.de\/wp-content\/uploads\/2019\/08\/Fr\u00fchschoppen-2019-1-724x1024.png 724w, https:\/\/missionsbruecke.de\/wp-content\/uploads\/2019\/08\/Fr\u00fchschoppen-2019-1-1273x1800.png 1273w, https:\/\/missionsbruecke.de\/wp-content\/uploads\/2019\/08\/Fr\u00fchschoppen-2019-1-849x1200.png 849w, https:\/\/missionsbruecke.de\/wp-content\/uploads\/2019\/08\/Fr\u00fchschoppen-2019-1-453x640.png 453w, https:\/\/missionsbruecke.de\/wp-content\/uploads\/2019\/08\/Fr\u00fchschoppen-2019-1.png 1654w\" sizes=\"auto, (max-width: 293px) 100vw, 293px\" \/>[\/one_half_last]<\/p>\n<hr \/>\n<h4><strong>So, 30. Juni 2019<\/strong><\/h4>\n<p>Auch in diesem Jahr verkauft die Missionsbr\u00fccke wieder selbst gemachte <strong>Marmelade<\/strong> am <strong>Pfarrfest in Moosbach<\/strong>. Verschiedene Sorten mit Zutaten aus Deutschland und aus dem Kongo werden angeboten, zum Beispiel Erdbeere-Kaffe, Erdbeere-Maracuja, Himbeere-Ananas oder Rhabarber-Mango.<\/p>\n<p><img loading=\"lazy\" decoding=\"async\" class=\"aligncenter wp-image-421 size-large\" src=\"http:\/\/missionsbruecke.de\/wp-content\/uploads\/2019\/06\/DSC01680-1024x768.jpg\" alt=\"\" width=\"1024\" height=\"768\" srcset=\"https:\/\/missionsbruecke.de\/wp-content\/uploads\/2019\/06\/DSC01680-1024x768.jpg 1024w, https:\/\/missionsbruecke.de\/wp-content\/uploads\/2019\/06\/DSC01680-300x225.jpg 300w, https:\/\/missionsbruecke.de\/wp-content\/uploads\/2019\/06\/DSC01680-768x576.jpg 768w, https:\/\/missionsbruecke.de\/wp-content\/uploads\/2019\/06\/DSC01680-1600x1200.jpg 1600w, https:\/\/missionsbruecke.de\/wp-content\/uploads\/2019\/06\/DSC01680-640x480.jpg 640w\" sizes=\"auto, (max-width: 1024px) 100vw, 1024px\" \/><\/p>\n<p>Der Preis betr\u00e4gt 2,50 \u20ac pro Glas. Der Erl\u00f6s kommt der Missionsbr\u00fccke, und damit der wertvollen Arbeit von P. Ferdinand im Kongo zugute.<\/p>\n<p>Wie die Idee zum Marmeladekochen entstanden ist und was es damit auf sich hat, kann bei onetz.de nachgelesen werden:<\/p>\n<p><a href=\"https:\/\/www.onetz.de\/oberpfalz\/moosbach\/mischung-machts-id2768771.html\" target=\"_blank\" rel=\"noopener\"><img loading=\"lazy\" decoding=\"async\" class=\"size-medium wp-image-425 aligncenter\" src=\"http:\/\/missionsbruecke.de\/wp-content\/uploads\/2019\/06\/Die_Mischung_machts_Onetz-300x225.png\" alt=\"\" width=\"300\" height=\"225\" srcset=\"https:\/\/missionsbruecke.de\/wp-content\/uploads\/2019\/06\/Die_Mischung_machts_Onetz-300x225.png 300w, https:\/\/missionsbruecke.de\/wp-content\/uploads\/2019\/06\/Die_Mischung_machts_Onetz-640x480.png 640w, https:\/\/missionsbruecke.de\/wp-content\/uploads\/2019\/06\/Die_Mischung_machts_Onetz.png 747w\" sizes=\"auto, (max-width: 300px) 100vw, 300px\" \/><\/a><\/p>\n<hr \/>\n<h4><strong>So, 03. Februar 2019<\/strong><\/h4>\n<p>Wir laden alle Mitglieder und Interessierte ein zur<strong> Jahreshauptversammlung<\/strong> der Missionsbr\u00fccke Moosbach &#8211; Ndendule, D.R. Kongo e.V. am <strong>Sonntag, 03.02.2019<\/strong> um<strong> 19:00 Uhr<\/strong> im <strong>Gasthaus Bodensteiner<\/strong> in Tr\u00f6bes.<\/p>\n<hr \/>\n<h4><strong>Fr, 30. November 2018<\/strong><\/h4>\n<p><strong>[two_third]Adventliche Sitzweil<\/strong><\/p>\n<p><em><span style=\"font-size: 18pt; color: #000000;\"><strong>ABGESAGT\u00a0<\/strong><\/span><span style=\"font-size: 18pt;\">aufgrund von Glatteis!<\/span><\/em><\/p>\n<p style=\"text-align: justify;\">Wir laden herzlich ein am <strong>Freitag, 30.11.2018 ab 19:00 Uhr<\/strong> zur <strong>Adventlichen Sitzweil<\/strong> in der <strong>M\u00fchlschleif<\/strong> bei Niederland. <strong>Richard Reger<\/strong> f\u00fchrt die G\u00e4ste durch ein Programm aus besinnlichen und am\u00fcsanten Texten passend zur bevorstehenden Adventszeit. F\u00fcr die musikalische Gestaltung des Abends sorgen die <strong>M\u00fchlschleifmusi<\/strong>, <strong>Andreas Hofmeister<\/strong> und das <strong>Bl\u00e4serensemble Moosbach<\/strong>.<\/p>\n<p style=\"text-align: justify;\">Die Besucher werden kulinarisch versorgt mit einer <strong>Gulaschsuppe, Sauren Bratw\u00fcrsten, Kuchen<\/strong>, usw.<\/p>\n<p style=\"text-align: justify;\">Der <strong>Eintritt ist frei<\/strong>, der Erl\u00f6s des Abends ist f\u00fcr die Arbeit von Pater Ferdinand im Kongo bestimmt.<\/p>\n<p><strong>[\/two_third]<\/strong><\/p>\n<p><img loading=\"lazy\" decoding=\"async\" class=\"alignnone wp-image-347\" src=\"http:\/\/missionsbruecke.de\/wp-content\/uploads\/2018\/11\/Sitzweil_2018-212x300.png\" alt=\"\" width=\"237\" height=\"335\" srcset=\"https:\/\/missionsbruecke.de\/wp-content\/uploads\/2018\/11\/Sitzweil_2018-212x300.png 212w, https:\/\/missionsbruecke.de\/wp-content\/uploads\/2018\/11\/Sitzweil_2018-768x1087.png 768w, https:\/\/missionsbruecke.de\/wp-content\/uploads\/2018\/11\/Sitzweil_2018-723x1024.png 723w, https:\/\/missionsbruecke.de\/wp-content\/uploads\/2018\/11\/Sitzweil_2018-848x1200.png 848w, https:\/\/missionsbruecke.de\/wp-content\/uploads\/2018\/11\/Sitzweil_2018-452x640.png 452w, https:\/\/missionsbruecke.de\/wp-content\/uploads\/2018\/11\/Sitzweil_2018.png 929w\" sizes=\"auto, (max-width: 237px) 100vw, 237px\" \/><\/p>\n<p>[full_width]<\/p>\n<hr \/>\n<h4><strong>So, 19. August 2018<\/strong><\/h4>\n<p><strong>Bayerisch-Kongolesischer Fr\u00fchschoppen<\/strong><img loading=\"lazy\" decoding=\"async\" class=\"size-medium wp-image-287 alignright\" src=\"http:\/\/missionsbruecke.de\/wp-content\/uploads\/2018\/07\/Plakat_Fruehschoppen-234x300.png\" alt=\"\" width=\"234\" height=\"300\" srcset=\"https:\/\/missionsbruecke.de\/wp-content\/uploads\/2018\/07\/Plakat_Fruehschoppen-234x300.png 234w, https:\/\/missionsbruecke.de\/wp-content\/uploads\/2018\/07\/Plakat_Fruehschoppen-499x640.png 499w, https:\/\/missionsbruecke.de\/wp-content\/uploads\/2018\/07\/Plakat_Fruehschoppen.png 677w\" sizes=\"auto, (max-width: 234px) 100vw, 234px\" \/><\/p>\n<p>Am <strong>Sonntag, 19. August 2018<\/strong> in <strong>Tr\u00f6bes<\/strong>, laden wir ein zum <strong>Gottesdienst<\/strong> mit afrikanischen Liedern um <strong>8:30 Uhr<\/strong> und anschlie\u00dfend zum <strong>Fr\u00fchschoppen<\/strong> mit<\/p>\n<ul>\n<li>bayerischen und kongolesischen Leckereien<\/li>\n<li>bayerischer und kongolesischer Musik<\/li>\n<li>Spielen f\u00fcr Kinder<\/li>\n<\/ul>\n<p>Der Erl\u00f6s ist f\u00fcr die Missionsarbeit von P. Ferdinand im Kongo bestimmt!<\/p>\n<p>[\/full_width]<\/p>\n","protected":false},"excerpt":{"rendered":"<p>So, 12. April 2026 Jahreshauptversammlung der Missionsbr\u00fccke am 12.04.2026 um 18 Uhr im Gasthaus Bodensteiner in Tr\u00f6bes. So, 30. M\u00e4rz 2025 Meditative Andacht &#8222;Perlen des Lebens&#8220; am 30.03.2025 um 16 Uhr in der Pfarrkirche Moosbach, gestaltet durch den&#8230; <a class=\"read-more\" href=\"https:\/\/missionsbruecke.de\/?page_id=142\">Mehr erfahren<\/a><\/p>\n","protected":false},"author":1,"featured_media":0,"parent":0,"menu_order":0,"comment_status":"closed","ping_status":"closed","template":"","meta":{"footnotes":""},"class_list":["post-142","page","type-page","status-publish","hentry","no-comments"],"_links":{"self":[{"href":"https:\/\/missionsbruecke.de\/index.php?rest_route=\/wp\/v2\/pages\/142","targetHints":{"allow":["GET"]}}],"collection":[{"href":"https:\/\/missionsbruecke.de\/index.php?rest_route=\/wp\/v2\/pages"}],"about":[{"href":"https:\/\/missionsbruecke.de\/index.php?rest_route=\/wp\/v2\/types\/page"}],"author":[{"embeddable":true,"href":"https:\/\/missionsbruecke.de\/index.php?rest_route=\/wp\/v2\/users\/1"}],"replies":[{"embeddable":true,"href":"https:\/\/missionsbruecke.de\/index.php?rest_route=%2Fwp%2Fv2%2Fcomments&post=142"}],"version-history":[{"count":34,"href":"https:\/\/missionsbruecke.de\/index.php?rest_route=\/wp\/v2\/pages\/142\/revisions"}],"predecessor-version":[{"id":744,"href":"https:\/\/missionsbruecke.de\/index.php?rest_route=\/wp\/v2\/pages\/142\/revisions\/744"}],"wp:attachment":[{"href":"https:\/\/missionsbruecke.de\/index.php?rest_route=%2Fwp%2Fv2%2Fmedia&parent=142"}],"curies":[{"name":"wp","href":"https:\/\/api.w.org\/{rel}","templated":true}]}}